{"id":37,"date":"2018-12-17T21:54:47","date_gmt":"2018-12-17T21:54:47","guid":{"rendered":"http:\/\/www.javorry.sk\/?page_id=37"},"modified":"2024-03-18T10:26:39","modified_gmt":"2024-03-18T10:26:39","slug":"cennik","status":"publish","type":"page","link":"https:\/\/www.javorry.sk\/index.php\/cennik\/","title":{"rendered":"Cenn\u00edk"},"content":{"rendered":"<p>[et_pb_section fb_built=&#8220;1&#8243; admin_label=&#8220;Header&#8220; _builder_version=&#8220;4.16&#8243; background_color=&#8220;#f7f9f9&#8243; parallax=&#8220;on&#8220; collapsed=&#8220;off&#8220; global_colors_info=&#8220;{}&#8220;][et_pb_row column_structure=&#8220;1_2,1_2&#8243; _builder_version=&#8220;4.16&#8243; global_colors_info=&#8220;{}&#8220;][et_pb_column type=&#8220;1_2&#8243; _builder_version=&#8220;4.16&#8243; custom_padding=&#8220;80px||40px|&#8220; custom_padding_tablet=&#8220;0px||&#8220; custom_padding_phone=&#8220;0px||&#8220; custom_padding_last_edited=&#8220;on|tablet&#8220; global_colors_info=&#8220;{}&#8220; padding_tablet=&#8220;0px||&#8220; padding_last_edited=&#8220;on|tablet&#8220; custom_padding__hover=&#8220;|||&#8220; padding_phone=&#8220;0px||&#8220;][et_pb_text _builder_version=&#8220;4.16&#8243; text_font=&#8220;||||||||&#8220; text_line_height=&#8220;2em&#8220; header_font=&#8220;Faustina|600|||||||&#8220; header_text_color=&#8220;#0e7162&#8243; header_font_size=&#8220;60px&#8220; header_line_height=&#8220;1.3em&#8220; header_font_size_tablet=&#8220;50px&#8220; header_font_size_phone=&#8220;40px&#8220; header_font_size_last_edited=&#8220;on|phone&#8220; global_colors_info=&#8220;{}&#8220;]<\/p>\n<h1>Cenn\u00edk<\/h1>\n<p>[\/et_pb_text][et_pb_blurb title=&#8220;Odk\u00e1zan\u00e1 osoba po predlo\u017een\u00ed platn\u00e9ho rozhodnutia o stupni odk\u00e1zanosti&#8220; use_icon=&#8220;on&#8220; font_icon=&#8220;&#xf4fc;||fa||900&#8243; icon_color=&#8220;#0e7162&#8243; icon_placement=&#8220;left&#8220; _builder_version=&#8220;4.19.4&#8243; _module_preset=&#8220;default&#8220; header_font_size=&#8220;15px&#8220; header_line_height=&#8220;1.1em&#8220; global_colors_info=&#8220;{}&#8220;]<\/p>\n<h4 class=\"et_pb_module_header et-fb-editable-element et-fb-editable-element__editing\" data-shortcode-id=\"0.0.0.2-1673988278947\" data-quickaccess-id=\"header\" contenteditable=\"true\"><strong>6,80 \u20ac \/ 1 hodina<\/strong><\/h4>\n<p>[\/et_pb_blurb][et_pb_blurb title=&#8220;Samoplatca (bez rozhodnutia o stupni odk\u00e1zanosti)&#8220; use_icon=&#8220;on&#8220; font_icon=&#8220;&#xf007;||fa||900&#8243; icon_color=&#8220;#0e7162&#8243; icon_placement=&#8220;left&#8220; _builder_version=&#8220;4.19.4&#8243; _module_preset=&#8220;default&#8220; header_font_size=&#8220;15px&#8220; header_line_height=&#8220;1.1em&#8220; hover_enabled=&#8220;0&#8243; global_colors_info=&#8220;{}&#8220; sticky_enabled=&#8220;0&#8243;]<\/p>\n<h4 class=\"et_pb_module_header et-fb-editable-element et-fb-editable-element__editing\" data-shortcode-id=\"0.0.0.2-1673988278947\" data-quickaccess-id=\"header\" contenteditable=\"true\"><strong>16,64 \u20ac \/ 1 hodina<\/strong><\/h4>\n<p>[\/et_pb_blurb][et_pb_blurb title=&#8220;24 hod. opatrovanie (potrebn\u00e9 zabepe\u010di\u0165 stravu a ubytovanie pre opatrovate\u013eku)&#8220; use_icon=&#8220;on&#8220; font_icon=&#8220;&#xf4fd;||fa||900&#8243; icon_color=&#8220;#0e7162&#8243; icon_placement=&#8220;left&#8220; _builder_version=&#8220;4.19.4&#8243; _module_preset=&#8220;default&#8220; header_font_size=&#8220;15px&#8220; header_line_height=&#8220;1.1em&#8220; global_colors_info=&#8220;{}&#8220;]<\/p>\n<h4 class=\"et_pb_module_header et-fb-editable-element et-fb-editable-element__editing\" data-shortcode-id=\"0.0.0.4-1673988844262\" data-quickaccess-id=\"header\" contenteditable=\"true\"><strong>1750 \u20ac \/ mesiac<\/strong><\/h4>\n<p>[\/et_pb_blurb][\/et_pb_column][et_pb_column type=&#8220;1_2&#8243; _builder_version=&#8220;4.16&#8243; custom_padding=&#8220;|||&#8220; global_colors_info=&#8220;{}&#8220; custom_padding__hover=&#8220;|||&#8220;][et_pb_image src=&#8220;http:\/\/www.javorry.sk\/wp-content\/uploads\/2022\/07\/charity-20.png&#8220; show_bottom_space=&#8220;off&#8220; align_tablet=&#8220;center&#8220; align_phone=&#8220;center&#8220; align_last_edited=&#8220;on|desktop&#8220; _builder_version=&#8220;4.16&#8243; animation_style=&#8220;slide&#8220; animation_direction=&#8220;right&#8220; animation_intensity_slide=&#8220;2%&#8220; global_colors_info=&#8220;{}&#8220;][\/et_pb_image][\/et_pb_column][\/et_pb_row][et_pb_row _builder_version=&#8220;4.17.6&#8243; _module_preset=&#8220;default&#8220; global_colors_info=&#8220;{}&#8220;][et_pb_column type=&#8220;4_4&#8243; _builder_version=&#8220;4.17.6&#8243; _module_preset=&#8220;default&#8220; global_colors_info=&#8220;{}&#8220;][et_pb_text _builder_version=&#8220;4.19.4&#8243; _module_preset=&#8220;default&#8220; global_colors_info=&#8220;{}&#8220;]<\/p>\n<p><strong>Cena za hodinu poskytnutej opatrovate\u013eskej slu\u017eby sa m\u00f4\u017ee l\u00ed\u0161i\u0165, v z\u00e1vislosti od miesta poskytovania slu\u017eby &#8211; pre bli\u017e\u0161ie inform\u00e1cie n\u00e1s nev\u00e1hajte kontaktova\u0165.<\/strong><\/p>\n<p>Ceny s\u00fa upravovan\u00e9 pod\u013ea aktu\u00e1lneho V\u0161eobecne z\u00e1v\u00e4zn\u00e9ho nariadenia danej obce \u010di mesta.<\/p>\n<p>[\/et_pb_text][\/et_pb_column][\/et_pb_row][\/et_pb_section]<\/p>\n","protected":false},"excerpt":{"rendered":"<p>Cenn\u00edk6,80 \u20ac \/ 1 hodina16,64 \u20ac \/ 1 hodina1750 \u20ac \/ mesiacCena za hodinu poskytnutej opatrovate\u013eskej slu\u017eby sa m\u00f4\u017ee l\u00ed\u0161i\u0165, v z\u00e1vislosti od miesta poskytovania slu\u017eby &#8211; pre bli\u017e\u0161ie inform\u00e1cie n\u00e1s nev\u00e1hajte kontaktova\u0165. Ceny s\u00fa upravovan\u00e9 pod\u013ea aktu\u00e1lneho V\u0161eobecne z\u00e1v\u00e4zn\u00e9ho nariadenia danej obce \u010di mesta.<\/p>\n","protected":false},"author":1,"featured_media":0,"parent":0,"menu_order":0,"comment_status":"closed","ping_status":"closed","template":"","meta":{"_et_pb_use_builder":"on","_et_pb_old_content":"<!-- wp:paragraph -->\n<p>Ceny s\u00fa upravovan\u00e9 pod\u013ea aktu\u00e1lneho V\u0161eobecne z\u00e1v\u00e4zn\u00e9ho nariadenia danej obce \u010di &nbsp;mesta.<\/p>\n<!-- \/wp:paragraph -->\n\n<!-- wp:paragraph -->\n<p>Cenn\u00edk:<br>  &nbsp;&nbsp;Pon. \u2013 Pia.:&nbsp;   1 hod OS \/ 10,50&nbsp;\u20ac<br> &nbsp;&nbsp;So.&nbsp;&nbsp;&nbsp;&nbsp;\u2013 Ne.:&nbsp;   1 hod OS \/ 10,50&nbsp;\u20ac   <\/p>\n<!-- \/wp:paragraph -->\n\n<!-- wp:paragraph -->\n<p>\nV pr\u00edpade ot\u00e1zok n\u00e1s nev\u00e1hajte kontaktova\u0165, radi V\u00e1m vypracujeme presn\u00fa cenov\u00fa kalkul\u00e1ciu.\n<\/p>\n<!-- \/wp:paragraph -->\n\n<!-- wp:paragraph -->\n<p><\/p>\n<!-- \/wp:paragraph -->\n\n<!-- wp:paragraph -->\n<p><br><br><\/p>\n<!-- \/wp:paragraph -->","_et_gb_content_width":""},"_links":{"self":[{"href":"https:\/\/www.javorry.sk\/index.php\/wp-json\/wp\/v2\/pages\/37"}],"collection":[{"href":"https:\/\/www.javorry.sk\/index.php\/wp-json\/wp\/v2\/pages"}],"about":[{"href":"https:\/\/www.javorry.sk\/index.php\/wp-json\/wp\/v2\/types\/page"}],"author":[{"embeddable":true,"href":"https:\/\/www.javorry.sk\/index.php\/wp-json\/wp\/v2\/users\/1"}],"replies":[{"embeddable":true,"href":"https:\/\/www.javorry.sk\/index.php\/wp-json\/wp\/v2\/comments?post=37"}],"version-history":[{"count":27,"href":"https:\/\/www.javorry.sk\/index.php\/wp-json\/wp\/v2\/pages\/37\/revisions"}],"predecessor-version":[{"id":242,"href":"https:\/\/www.javorry.sk\/index.php\/wp-json\/wp\/v2\/pages\/37\/revisions\/242"}],"wp:attachment":[{"href":"https:\/\/www.javorry.sk\/index.php\/wp-json\/wp\/v2\/media?parent=37"}],"curies":[{"name":"wp","href":"https:\/\/api.w.org\/{rel}","templated":true}]}}